{"id":29,"date":"2015-09-22T20:15:59","date_gmt":"2015-09-22T20:15:59","guid":{"rendered":"http:\/\/bybconstrucciones.com\/?page_id=29"},"modified":"2015-09-22T20:31:20","modified_gmt":"2015-09-22T20:31:20","slug":"background","status":"publish","type":"page","link":"https:\/\/bybconstrucciones.com\/?page_id=29","title":{"rendered":"Background"},"content":{"rendered":"<p><b>Experiencia general en obras:<\/b><\/p>\n<ul>\n<li>Conjunto Habitacional \u2013 Itaip\u00fa y Yacyret\u00e1<\/li>\n<li>F\u00e1brica de Cemento \u2013 INC Vallemi.<\/li>\n<li>Muelle de F\u00e1brica de Cemento \u2013 Vallemi<\/li>\n<li>Edificio Esmeralda \u2013 Asunci\u00f3n<\/li>\n<li>Edificio de Abogados \u2013 Asunci\u00f3n<\/li>\n<li>Sede Social del Yacht y Golf Club Paraguayo \u2013 Lambar\u00e9<\/li>\n<li>Aeropuerto de Caazap\u00e1 \u2013 Pista de Aterrizaje<\/li>\n<li>Industria Embotelladora \u2013 Coca Cola<\/li>\n<li>Planta de Silos Almacenamiento de Granos \u2013 Agricultura<\/li>\n<li>Pavimentaci\u00f3n Secci\u00f3n 1 \u2013 Ruta Las Residentas<\/li>\n<\/ul>\n","protected":false},"excerpt":{"rendered":"<p>Experiencia general en obras: Conjunto Habitacional \u2013 Itaip\u00fa y Yacyret\u00e1 F\u00e1brica de Cemento \u2013 INC Vallemi. Muelle de F\u00e1brica de Cemento \u2013 Vallemi Edificio Esmeralda \u2013 Asunci\u00f3n Edificio de Abogados \u2013 Asunci\u00f3n Sede Social del Yacht y Golf Club Paraguayo \u2013 Lambar\u00e9 Aeropuerto de Caazap\u00e1 \u2013 Pista de Aterrizaje Industria Embotelladora \u2013 Coca Cola Planta de Silos Almacenamiento de Granos \u2013 Agricultura Pavimentaci\u00f3n Secci\u00f3n 1 \u2013 Ruta Las Residentas<\/p>\n","protected":false},"author":1,"featured_media":0,"parent":0,"menu_order":0,"comment_status":"closed","ping_status":"closed","template":"","meta":{"footnotes":""},"class_list":["post-29","page","type-page","status-publish","hentry"],"_links":{"self":[{"href":"https:\/\/bybconstrucciones.com\/index.php?rest_route=\/wp\/v2\/pages\/29","targetHints":{"allow":["GET"]}}],"collection":[{"href":"https:\/\/bybconstrucciones.com\/index.php?rest_route=\/wp\/v2\/pages"}],"about":[{"href":"https:\/\/bybconstrucciones.com\/index.php?rest_route=\/wp\/v2\/types\/page"}],"author":[{"embeddable":true,"href":"https:\/\/bybconstrucciones.com\/index.php?rest_route=\/wp\/v2\/users\/1"}],"replies":[{"embeddable":true,"href":"https:\/\/bybconstrucciones.com\/index.php?rest_route=%2Fwp%2Fv2%2Fcomments&post=29"}],"version-history":[{"count":2,"href":"https:\/\/bybconstrucciones.com\/index.php?rest_route=\/wp\/v2\/pages\/29\/revisions"}],"predecessor-version":[{"id":43,"href":"https:\/\/bybconstrucciones.com\/index.php?rest_route=\/wp\/v2\/pages\/29\/revisions\/43"}],"wp:attachment":[{"href":"https:\/\/bybconstrucciones.com\/index.php?rest_route=%2Fwp%2Fv2%2Fmedia&parent=29"}],"curies":[{"name":"wp","href":"https:\/\/api.w.org\/{rel}","templated":true}]}}