{"id":31,"date":"2015-09-22T20:17:39","date_gmt":"2015-09-22T20:17:39","guid":{"rendered":"http:\/\/bybconstrucciones.com\/?page_id=31"},"modified":"2016-03-16T10:18:09","modified_gmt":"2016-03-16T10:18:09","slug":"ejecucion","status":"publish","type":"page","link":"https:\/\/bybconstrucciones.com\/?page_id=31","title":{"rendered":"Ejecuci\u00f3n"},"content":{"rendered":"<div class=\"pagebodyproyectos\">\n<p><u><b><div class=\"ctsc-column ctsc-col3\">\nObras en Ejecuci\u00f3n:<br \/>\n<\/b><\/u><\/p>\n<ul>\n<li>Pavimentaci\u00f3n Arroyos y Esteros \u2013 1\u00b0 de Marzo (22 km).<\/li>\n<li>Pavimentaci\u00f3n Cleto Romero \u2013 Regina Marecos (22 km).<\/li>\n<li>Pavimentaci\u00f3n Pirayu \u2013 Paraguar\u00ed (17 km).<\/li>\n<li>Pavimentaci\u00f3n Santa Rosa \u2013 Capit\u00e1n Bado (35 km).<\/li>\n<li>Pavimentaci\u00f3n Caazap\u00e1 \u2013 Yuty (45 km).<\/li>\n<li>Cantera Piray \u2013 Producci\u00f3n de Agregados.<\/li>\n<li>Cantera Caazap\u00e1 \u2013 Producci\u00f3n de Agregados.<\/li>\n<li>Cantera Yuty \u2013 Producci\u00f3n de Agregados.<\/li>\n<li>Prefabricados de Hormig\u00f3n para L\u00ednea El\u00e9ctrica.<\/li>\n<\/ul>\n<\/div><div class=\"ctsc-column ctsc-col3\">\n<\/div><div class=\"ctsc-column ctsc-col3 ctsc-col-last\">\n<\/div><div class=\"col-divide\"><\/div><\/p>\n<\/div>\n","protected":false},"excerpt":{"rendered":"","protected":false},"author":1,"featured_media":0,"parent":0,"menu_order":0,"comment_status":"closed","ping_status":"closed","template":"","meta":{"footnotes":""},"class_list":["post-31","page","type-page","status-publish","hentry"],"_links":{"self":[{"href":"https:\/\/bybconstrucciones.com\/index.php?rest_route=\/wp\/v2\/pages\/31","targetHints":{"allow":["GET"]}}],"collection":[{"href":"https:\/\/bybconstrucciones.com\/index.php?rest_route=\/wp\/v2\/pages"}],"about":[{"href":"https:\/\/bybconstrucciones.com\/index.php?rest_route=\/wp\/v2\/types\/page"}],"author":[{"embeddable":true,"href":"https:\/\/bybconstrucciones.com\/index.php?rest_route=\/wp\/v2\/users\/1"}],"replies":[{"embeddable":true,"href":"https:\/\/bybconstrucciones.com\/index.php?rest_route=%2Fwp%2Fv2%2Fcomments&post=31"}],"version-history":[{"count":7,"href":"https:\/\/bybconstrucciones.com\/index.php?rest_route=\/wp\/v2\/pages\/31\/revisions"}],"predecessor-version":[{"id":339,"href":"https:\/\/bybconstrucciones.com\/index.php?rest_route=\/wp\/v2\/pages\/31\/revisions\/339"}],"wp:attachment":[{"href":"https:\/\/bybconstrucciones.com\/index.php?rest_route=%2Fwp%2Fv2%2Fmedia&parent=31"}],"curies":[{"name":"wp","href":"https:\/\/api.w.org\/{rel}","templated":true}]}}