{"id":8,"date":"2015-09-22T18:20:29","date_gmt":"2015-09-22T18:20:29","guid":{"rendered":"http:\/\/bybconstrucciones.com\/?page_id=8"},"modified":"2016-02-14T23:53:19","modified_gmt":"2016-02-14T23:53:19","slug":"team","status":"publish","type":"page","link":"https:\/\/bybconstrucciones.com\/?page_id=8","title":{"rendered":"La Empresa"},"content":{"rendered":"<p><b>ING. LUIS ENRIQUE BARRAIL ORTIZ<\/b><\/p>\n<p>Propietario \u2013 Director<\/p>\n<p>Nu<img loading=\"lazy\" decoding=\"async\" class=\"size-full wp-image-9 alignleft\" src=\"http:\/\/bybconstrucciones.com\/wp-content\/uploads\/2015\/09\/LuisEnriqueBarrail.png\" alt=\"LuisEnriqueBarrail\" width=\"231\" height=\"228\" \/>estro grupo se encuentra en un proceso de expansi\u00f3n y crecimiento continuo, apoyados<br \/>\nen la buena gesti\u00f3n de nuestro capital humano y de la confiabilidad construida en el mercado de la construcci\u00f3n de obras publicas de infraestructura.<\/p>\n<p>Nuestro plan de negocios empresarial est\u00e1 enfocado en brindar servicios de primer nivel en el sector vial para la ejecuci\u00f3n de contratos p\u00fablicos, propios o de terceros, con los m\u00e1s altos niveles de calidad y tecnolog\u00eda a un precio accesible y rentable.<\/p>\n<p>Con la proyecci\u00f3n del mercado local y los deseos de auto superaci\u00f3n fijos en mente, logramos importantes avances. Hemos avanzado en el relacionamiento y cooperaci\u00f3n mutua con importantes empresas locales e internacionales, participando en obras de gran complejidad t\u00e9cnica y financiera.<\/p>\n<p>&nbsp;<\/p>\n<div class=\"ctsc-column ctsc-col2\">\n<p style=\"text-align: center;\">\u00a0<u><b>VISION<\/b><\/u><\/p>\n<p>Ser motores de la evoluci\u00f3n humana a trav\u00e9s de la construcci\u00f3n de estructuras perdurables, eficientes y eficaces, a favor del bienestar y mejor calidad de vida de la sociedad, con creatividad e inteligencia, y poder as\u00ed ser dignos de la confianza y el respeto, tanto del mercado local como el internacional.<br \/>\n<\/div><div class=\"ctsc-column ctsc-col2 ctsc-col-last\">\n<p style=\"text-align: center;\"><u><b>MISION<\/b><\/u><\/p>\n<p>Ser una soluci\u00f3n integral y lucrativa para nuestros clientes, aportando todo el dinamismo, energ\u00eda y fuerza de nuestro equipo humano, con la aplicaci\u00f3n de procesos de gesti\u00f3n y control.<\/p>\n<p>Lograr resultados positivos y rentables, innovando en la metodolog\u00eda y tecnolog\u00eda de la construcci\u00f3n.<\/p>\n<p>Capacitar a nuestro personal,\u00a0 aportando a su crecimiento y bienestar, tanto en lo individual como en lo colectivo y profesional.<\/p>\n<\/div><div class=\"col-divide\"><\/div><\/p>\n","protected":false},"excerpt":{"rendered":"<p>ING. LUIS ENRIQUE BARRAIL ORTIZ Propietario \u2013 Director Nuestro grupo se encuentra en un proceso de expansi\u00f3n y crecimiento continuo, apoyados en la buena gesti\u00f3n de nuestro capital humano y de la confiabilidad construida en el mercado de la construcci\u00f3n de obras publicas de infraestructura. Nuestro plan de negocios empresarial est\u00e1 enfocado en brindar servicios de primer nivel en el sector vial para la ejecuci\u00f3n de contratos p\u00fablicos, propios o de terceros, con los m\u00e1s altos niveles de calidad y&hellip;<\/p>\n","protected":false},"author":1,"featured_media":0,"parent":0,"menu_order":0,"comment_status":"closed","ping_status":"closed","template":"","meta":{"footnotes":""},"class_list":["post-8","page","type-page","status-publish","hentry"],"_links":{"self":[{"href":"https:\/\/bybconstrucciones.com\/index.php?rest_route=\/wp\/v2\/pages\/8","targetHints":{"allow":["GET"]}}],"collection":[{"href":"https:\/\/bybconstrucciones.com\/index.php?rest_route=\/wp\/v2\/pages"}],"about":[{"href":"https:\/\/bybconstrucciones.com\/index.php?rest_route=\/wp\/v2\/types\/page"}],"author":[{"embeddable":true,"href":"https:\/\/bybconstrucciones.com\/index.php?rest_route=\/wp\/v2\/users\/1"}],"replies":[{"embeddable":true,"href":"https:\/\/bybconstrucciones.com\/index.php?rest_route=%2Fwp%2Fv2%2Fcomments&post=8"}],"version-history":[{"count":5,"href":"https:\/\/bybconstrucciones.com\/index.php?rest_route=\/wp\/v2\/pages\/8\/revisions"}],"predecessor-version":[{"id":182,"href":"https:\/\/bybconstrucciones.com\/index.php?rest_route=\/wp\/v2\/pages\/8\/revisions\/182"}],"wp:attachment":[{"href":"https:\/\/bybconstrucciones.com\/index.php?rest_route=%2Fwp%2Fv2%2Fmedia&parent=8"}],"curies":[{"name":"wp","href":"https:\/\/api.w.org\/{rel}","templated":true}]}}