{"id":94,"date":"2015-10-08T16:18:57","date_gmt":"2015-10-08T16:18:57","guid":{"rendered":"http:\/\/bybconstrucciones.com\/?page_id=94"},"modified":"2016-02-08T19:40:23","modified_gmt":"2016-02-08T19:40:23","slug":"cantera-yuty","status":"publish","type":"page","link":"https:\/\/bybconstrucciones.com\/?page_id=94","title":{"rendered":"PAVIMENTACI\u00d3N ASF\u00c1LTICA CAAZAP\u00c1 \u2013 YUTY"},"content":{"rendered":"<div class=\"ctsc-column ctsc-col2\">\n<p><strong>PAVIMENTACI\u00d3N ASF\u00c1LTICA CAAZAP\u00c1 \u2013 YUTY<\/strong><\/p>\n<p>Cliente: ILSUNG CONSTRUCTION Co. LTD<br \/>\nINICIO: MARZO 2015<br \/>\nLONGITUD: 45 KM<br \/>\nDatos relevantes:<br \/>\nAlcantarillado tubular y celular<br \/>\nTerrapl\u00e9n: 570.000 m3<br \/>\nSub Base Granular (e=30 cm, CBR 80%): 278.000 m3<br \/>\nBase Granular (e=18 cm, CBR 100%): 147.000 m3<br \/>\nImprimaci\u00f3n asf\u00e1ltica: 580.000 m2<br \/>\nConcreto asfaltico: 29.460 m3<\/p>\n<\/div><div class=\"ctsc-column ctsc-col2 ctsc-col-last\">\n\n<\/div><div class=\"col-divide\"><\/div><\/p>\n","protected":false},"excerpt":{"rendered":"","protected":false},"author":1,"featured_media":0,"parent":0,"menu_order":0,"comment_status":"closed","ping_status":"closed","template":"","meta":{"footnotes":""},"class_list":["post-94","page","type-page","status-publish","hentry"],"_links":{"self":[{"href":"https:\/\/bybconstrucciones.com\/index.php?rest_route=\/wp\/v2\/pages\/94","targetHints":{"allow":["GET"]}}],"collection":[{"href":"https:\/\/bybconstrucciones.com\/index.php?rest_route=\/wp\/v2\/pages"}],"about":[{"href":"https:\/\/bybconstrucciones.com\/index.php?rest_route=\/wp\/v2\/types\/page"}],"author":[{"embeddable":true,"href":"https:\/\/bybconstrucciones.com\/index.php?rest_route=\/wp\/v2\/users\/1"}],"replies":[{"embeddable":true,"href":"https:\/\/bybconstrucciones.com\/index.php?rest_route=%2Fwp%2Fv2%2Fcomments&post=94"}],"version-history":[{"count":6,"href":"https:\/\/bybconstrucciones.com\/index.php?rest_route=\/wp\/v2\/pages\/94\/revisions"}],"predecessor-version":[{"id":150,"href":"https:\/\/bybconstrucciones.com\/index.php?rest_route=\/wp\/v2\/pages\/94\/revisions\/150"}],"wp:attachment":[{"href":"https:\/\/bybconstrucciones.com\/index.php?rest_route=%2Fwp%2Fv2%2Fmedia&parent=94"}],"curies":[{"name":"wp","href":"https:\/\/api.w.org\/{rel}","templated":true}]}}